{"id":2,"date":"2021-12-15T17:26:24","date_gmt":"2021-12-15T16:26:24","guid":{"rendered":"https:\/\/zeszy.tk\/?page_id=2"},"modified":"2021-12-30T12:07:08","modified_gmt":"2021-12-30T11:07:08","slug":"przykladowa-strona","status":"publish","type":"page","link":"https:\/\/piesni.josz.art\/","title":{"rendered":"O stronie"},"content":{"rendered":"\n<p class=\"has-text-align-left has-normal-font-size\">Znajdziesz tutaj teksty pie\u015bni ludowych wraz z przyk\u0142adami muzycznymi.  Nagrania pochodz\u0105 g\u0142\u00f3wnie ze zbior\u00f3w w\u0142asnych, udost\u0119pnionych na potrzeby tej strony lub z Internetu, w przyk\u0142adach zawsze podane jest \u017ar\u00f3d\u0142o. \u015apiewacy, to nie tylko starsi depozytariusze tradycji ze wsi, lecz tak\u017ce m\u0142ode pokolenie badaczy, praktyk\u00f3w ze wsi i miast. \u015apiewnik jest projektem otwartym i sukcesywnie b\u0119d\u0105 pojawia\u0107 si\u0119 tutaj nowe tre\u015bci. <br>Kopiowanie, przetwarzanie materia\u0142\u00f3w ze strony w ca\u0142o\u015bci lub w cz\u0119\u015bci wymaga kontaktu z autork\u0105 strony: archiwum.leczyckie@gmail.com\u00a0<\/p>\n\n\n\n<p class=\"has-small-font-size\">Strona powsta\u0142a w ramach Stypendium Prezydenta Miasta Wroc\u0142awia dla Joanny Skowro\u0144skiej 2021: &#8222;Pie\u015bni &#8211; rytua\u0142 &#8211; wsp\u00f3lnota. Repertuar obrz\u0119dowy dzi\u015b&#8221;. <\/p>\n","protected":false},"excerpt":{"rendered":"<p>Znajdziesz tutaj teksty pie\u015bni ludowych wraz z przyk\u0142adami muzycznymi. Nagrania pochodz\u0105 g\u0142\u00f3wnie ze zbior\u00f3w w\u0142asnych, udost\u0119pnionych na potrzeby tej strony lub z Internetu, w przyk\u0142adach zawsze podane jest \u017ar\u00f3d\u0142o. \u015apiewacy, to nie tylko starsi depozytariusze tradycji ze wsi, lecz tak\u017ce m\u0142ode pokolenie badaczy, praktyk\u00f3w ze wsi i miast. \u015apiewnik jest projektem otwartym i sukcesywnie b\u0119d\u0105 &hellip; <a href=\"https:\/\/piesni.josz.art\/\" class=\"more-link\">Czytaj dalej <span class=\"screen-reader-text\">O stronie<\/span><\/a><\/p>\n","protected":false},"author":1,"featured_media":0,"parent":0,"menu_order":0,"comment_status":"closed","ping_status":"closed","template":"","meta":{"footnotes":""},"categories":[],"tags":[],"class_list":["post-2","page","type-page","status-publish","hentry"],"_links":{"self":[{"href":"https:\/\/piesni.josz.art\/index.php?rest_route=\/wp\/v2\/pages\/2","targetHints":{"allow":["GET"]}}],"collection":[{"href":"https:\/\/piesni.josz.art\/index.php?rest_route=\/wp\/v2\/pages"}],"about":[{"href":"https:\/\/piesni.josz.art\/index.php?rest_route=\/wp\/v2\/types\/page"}],"author":[{"embeddable":true,"href":"https:\/\/piesni.josz.art\/index.php?rest_route=\/wp\/v2\/users\/1"}],"replies":[{"embeddable":true,"href":"https:\/\/piesni.josz.art\/index.php?rest_route=%2Fwp%2Fv2%2Fcomments&post=2"}],"version-history":[{"count":9,"href":"https:\/\/piesni.josz.art\/index.php?rest_route=\/wp\/v2\/pages\/2\/revisions"}],"predecessor-version":[{"id":701,"href":"https:\/\/piesni.josz.art\/index.php?rest_route=\/wp\/v2\/pages\/2\/revisions\/701"}],"wp:attachment":[{"href":"https:\/\/piesni.josz.art\/index.php?rest_route=%2Fwp%2Fv2%2Fmedia&parent=2"}],"wp:term":[{"taxonomy":"category","embeddable":true,"href":"https:\/\/piesni.josz.art\/index.php?rest_route=%2Fwp%2Fv2%2Fcategories&post=2"},{"taxonomy":"post_tag","embeddable":true,"href":"https:\/\/piesni.josz.art\/index.php?rest_route=%2Fwp%2Fv2%2Ftags&post=2"}],"curies":[{"name":"wp","href":"https:\/\/api.w.org\/{rel}","templated":true}]}}